{"id":12665,"date":"2024-01-16T16:12:31","date_gmt":"2024-01-16T15:12:31","guid":{"rendered":"https:\/\/www.visionsfrance.fr\/?post_type=product&#038;p=12665"},"modified":"2024-01-16T16:24:55","modified_gmt":"2024-01-16T15:24:55","slug":"spectacle-nouvel-an-chinois-danses-des-lions","status":"publish","type":"product","link":"https:\/\/www.visionsfrance.fr\/en\/product\/spectacle-nouvel-an-chinois-danses-des-lions\/","title":{"rendered":"Spectacle nouvel an chinois: danses des lions"},"content":{"rendered":"<p>Danses des lions dans la cour d&#8217;honneur de la Mairie de Paris Centre<\/p>\n<p>Spectacle Nouvel An chinois salle des F\u00eates de la Mairie, sur inscription places limit\u00e9es \u00e0 100 places,<\/p>\n<p>lien pour l&#8217;inscription :<\/p>\n<p>&nbsp;<\/p>\n<p>&nbsp;<\/p>\n","protected":false},"excerpt":{"rendered":"<p>Danses des lions dans la cour d&#8217;honneur de la Mairie de Paris Centre Spectacle Nouvel An chinois salle des F\u00eates de la Mairie, sur inscription places limit\u00e9es \u00e0 100 places, lien pour l&#8217;inscription : &nbsp; &nbsp;<\/p>\n","protected":false},"featured_media":0,"template":"","meta":[],"product_brand":[],"product_cat":[285],"product_tag":[],"class_list":{"0":"post-12665","1":"product","2":"type-product","3":"status-publish","5":"product_cat-evenements","7":"first","8":"instock","9":"taxable","10":"shipping-taxable","11":"product-type-simple"},"_links":{"self":[{"href":"https:\/\/www.visionsfrance.fr\/en\/wp-json\/wp\/v2\/product\/12665","targetHints":{"allow":["GET"]}}],"collection":[{"href":"https:\/\/www.visionsfrance.fr\/en\/wp-json\/wp\/v2\/product"}],"about":[{"href":"https:\/\/www.visionsfrance.fr\/en\/wp-json\/wp\/v2\/types\/product"}],"version-history":[{"count":1,"href":"https:\/\/www.visionsfrance.fr\/en\/wp-json\/wp\/v2\/product\/12665\/revisions"}],"predecessor-version":[{"id":12694,"href":"https:\/\/www.visionsfrance.fr\/en\/wp-json\/wp\/v2\/product\/12665\/revisions\/12694"}],"wp:attachment":[{"href":"https:\/\/www.visionsfrance.fr\/en\/wp-json\/wp\/v2\/media?parent=12665"}],"wp:term":[{"taxonomy":"product_brand","embeddable":true,"href":"https:\/\/www.visionsfrance.fr\/en\/wp-json\/wp\/v2\/product_brand?post=12665"},{"taxonomy":"product_cat","embeddable":true,"href":"https:\/\/www.visionsfrance.fr\/en\/wp-json\/wp\/v2\/product_cat?post=12665"},{"taxonomy":"product_tag","embeddable":true,"href":"https:\/\/www.visionsfrance.fr\/en\/wp-json\/wp\/v2\/product_tag?post=12665"}],"curies":[{"name":"wp","href":"https:\/\/api.w.org\/{rel}","templated":true}]}}