{"id":12492,"date":"2023-02-02T14:52:01","date_gmt":"2023-02-02T13:52:01","guid":{"rendered":"https:\/\/www.visionsfrance.fr\/product\/2023-nouvel-an-lunaire-a-paris-marriott-champs-elysees-hotel\/"},"modified":"2023-02-03T17:51:31","modified_gmt":"2023-02-03T16:51:31","slug":"2023-nouvel-an-lunaire-a-paris-marriott-champs-elysees-hotel","status":"publish","type":"product","link":"https:\/\/www.visionsfrance.fr\/zh\/product\/2023-nouvel-an-lunaire-a-paris-marriott-champs-elysees-hotel\/","title":{"rendered":"2023 Nouvel An Lunaire \u00e0 Paris Marriott Champs Elys\u00e9es H\u00f4tel"},"content":{"rendered":"<p style=\"text-align: center;\">Visions France est heureuse de vous convier<\/p>\n<p style=\"text-align: center;\">Le Dimanche 5 F\u00e9vrier \u00e0 14H<\/p>\n<p style=\"text-align: center;\">D\u00e9couvrez <span class=\"S1PPyQ\">Danse des lions \/<\/span><span class=\"S1PPyQ\">Spectacle musical\u00a0<\/span><\/p>\n<p style=\"text-align: center;\"><span class=\"S1PPyQ\">Atelier c\u00e9r\u00e9monie du th\u00e9\/Atelier fabrication de lanterne\/Danse de Hanfu\/D\u00e9fil\u00e9 de Hanfu<\/span><\/p>\n<p style=\"text-align: center;\">10 euros par\u00a0 place<\/p>\n<p style=\"text-align: center;\"><span class=\"S1PPyQ\">Paris Marriott Champs Elys\u00e9es H\u00f4tel<\/span><\/p>\n<p style=\"text-align: center;\">70 av Champs Elys\u00e9es, 75008 Paris<\/p>\n","protected":false},"excerpt":{"rendered":"<p>Visions France est heureuse de vous convier Le Dimanche [&hellip;]<\/p>\n","protected":false},"featured_media":12520,"template":"","meta":[],"product_brand":[],"product_cat":[15],"product_tag":[],"class_list":{"0":"post-12492","1":"product","2":"type-product","3":"status-publish","4":"has-post-thumbnail","6":"product_cat-uncategorized","8":"first","9":"instock","10":"taxable","11":"shipping-taxable","12":"purchasable","13":"product-type-simple"},"_links":{"self":[{"href":"https:\/\/www.visionsfrance.fr\/zh\/wp-json\/wp\/v2\/product\/12492","targetHints":{"allow":["GET"]}}],"collection":[{"href":"https:\/\/www.visionsfrance.fr\/zh\/wp-json\/wp\/v2\/product"}],"about":[{"href":"https:\/\/www.visionsfrance.fr\/zh\/wp-json\/wp\/v2\/types\/product"}],"version-history":[{"count":5,"href":"https:\/\/www.visionsfrance.fr\/zh\/wp-json\/wp\/v2\/product\/12492\/revisions"}],"predecessor-version":[{"id":12510,"href":"https:\/\/www.visionsfrance.fr\/zh\/wp-json\/wp\/v2\/product\/12492\/revisions\/12510"}],"wp:featuredmedia":[{"embeddable":true,"href":"https:\/\/www.visionsfrance.fr\/zh\/wp-json\/wp\/v2\/media\/12520"}],"wp:attachment":[{"href":"https:\/\/www.visionsfrance.fr\/zh\/wp-json\/wp\/v2\/media?parent=12492"}],"wp:term":[{"taxonomy":"product_brand","embeddable":true,"href":"https:\/\/www.visionsfrance.fr\/zh\/wp-json\/wp\/v2\/product_brand?post=12492"},{"taxonomy":"product_cat","embeddable":true,"href":"https:\/\/www.visionsfrance.fr\/zh\/wp-json\/wp\/v2\/product_cat?post=12492"},{"taxonomy":"product_tag","embeddable":true,"href":"https:\/\/www.visionsfrance.fr\/zh\/wp-json\/wp\/v2\/product_tag?post=12492"}],"curies":[{"name":"wp","href":"https:\/\/api.w.org\/{rel}","templated":true}]}}